{"id":909,"date":"2026-03-23T10:33:08","date_gmt":"2026-03-23T14:33:08","guid":{"rendered":"https:\/\/boutique.accsq.com\/?post_type=product&#038;p=909"},"modified":"2026-04-02T16:22:57","modified_gmt":"2026-04-02T20:22:57","slug":"gilet-de-protection-pour-chien","status":"publish","type":"product","link":"https:\/\/boutique.accsq.com\/?product=gilet-de-protection-pour-chien","title":{"rendered":"Gilet de protection pour chien"},"content":{"rendered":"<p>Le gilet <strong>DOG ARMOR V3 <\/strong>est un gilet de protection destin\u00e9 aux chiens de chasse de gros gibiers. Il offre des caract\u00e9ristiques techniques ultra-performantes gr\u00e2ce \u00e0 ses innombrables sp\u00e9cificit\u00e9s ainsi qu\u2019un confort maximal pour les chiens. Sa couleur orange fluo rend le chien visible lors de vos actions de chasse. Ce gilet de protection a \u00e9t\u00e9 con\u00e7u afin de proposer un mod\u00e8le de gilet ultra r\u00e9sistant \u00e0 la perforation et \u00e0 l\u2019abrasion.<\/p>\n<p>R\u00e9sistance \u00e0 la coupure: Protection par 3 couches de tissus anti perforation sur le ventre et 2 couches sur le cou.<\/p>\n<p>Contr\u00f4le chaleur: Doublure thermor\u00e9gulatrice Outlast \u00e9vacuant la chaleur exc\u00e9dentaire.<\/p>\n<p>Adaptabilit\u00e9 morphologique: \u00a0\u00bb rallonges de cou amovibles, fermeture par sangle r\u00e9glable + ou &#8211; 15 cm.<\/p>\n<p>Facilit\u00e9 de rep\u00e9rage: Couleur principale orange, bandes lat\u00e9rales r\u00e9tro r\u00e9fl\u00e9chissantes.<\/p>\n<p>Facilit\u00e9 d&rsquo;entretien: Lavage en machine \u00e0 30 degr\u00e9s, s\u00e9chage \u00e0 l&rsquo;air libre ( pas de s\u00e9cheuse)<\/p>\n<p>&nbsp;<\/p>\n","protected":false},"excerpt":{"rendered":"<p>Le gilet DOG ARMOR V3 est un gilet de protection destin\u00e9 aux chiens de chasse de gros gibiers. Il offre<\/p>\n","protected":false},"featured_media":910,"comment_status":"open","ping_status":"closed","template":"","meta":[],"product_cat":[18],"product_tag":[],"class_list":{"0":"post-909","1":"product","2":"type-product","3":"status-publish","4":"has-post-thumbnail","6":"product_cat-accessoires-pour-chien","8":"first","9":"instock","10":"taxable","11":"shipping-taxable","12":"purchasable","13":"product-type-variable"},"jetpack_sharing_enabled":true,"_links":{"self":[{"href":"https:\/\/boutique.accsq.com\/index.php?rest_route=\/wp\/v2\/product\/909","targetHints":{"allow":["GET"]}}],"collection":[{"href":"https:\/\/boutique.accsq.com\/index.php?rest_route=\/wp\/v2\/product"}],"about":[{"href":"https:\/\/boutique.accsq.com\/index.php?rest_route=\/wp\/v2\/types\/product"}],"replies":[{"embeddable":true,"href":"https:\/\/boutique.accsq.com\/index.php?rest_route=%2Fwp%2Fv2%2Fcomments&post=909"}],"wp:featuredmedia":[{"embeddable":true,"href":"https:\/\/boutique.accsq.com\/index.php?rest_route=\/wp\/v2\/media\/910"}],"wp:attachment":[{"href":"https:\/\/boutique.accsq.com\/index.php?rest_route=%2Fwp%2Fv2%2Fmedia&parent=909"}],"wp:term":[{"taxonomy":"product_cat","embeddable":true,"href":"https:\/\/boutique.accsq.com\/index.php?rest_route=%2Fwp%2Fv2%2Fproduct_cat&post=909"},{"taxonomy":"product_tag","embeddable":true,"href":"https:\/\/boutique.accsq.com\/index.php?rest_route=%2Fwp%2Fv2%2Fproduct_tag&post=909"}],"curies":[{"name":"wp","href":"https:\/\/api.w.org\/{rel}","templated":true}]}}